{"id":554,"date":"2024-12-27T21:59:47","date_gmt":"2024-12-27T21:59:47","guid":{"rendered":"https:\/\/munchtr.com\/biotek9\/?post_type=product&#038;p=554"},"modified":"2026-02-04T10:52:41","modified_gmt":"2026-02-04T10:52:41","slug":"bt-6470","status":"publish","type":"product","link":"https:\/\/biotektohum.com.tr\/en\/tohum\/bt-6470\/","title":{"rendered":"BT 6470"},"content":{"rendered":"","protected":false},"excerpt":{"rendered":"<ul>\n<li>\u00c7ok iyi bir silaj kalitesine ve yu\u0308ksek silaj verimine sahip, FAO 700 grubunda, hibrit m\u0131s\u0131r \u00e7e\u015fididir.<\/li>\n<li>\u0130\u00e7 Anadolu ve Do\u011fu Anadolu B\u00f6lgeleri\u2019nde 1. u\u0308ru\u0308n olarak, di\u011fer b\u00f6lgelerde ise 1. ve 2. u\u0308ru\u0308n olarak ekilebilir.<\/li>\n<li>Gu\u0308\u00e7lu\u0308 k\u00f6k ve sap geli\u015fimi sayesinde yatmaya dayan\u0131kl\u0131d\u0131r.<\/li>\n<li>\u0130yi bak\u0131m ko\u015fullar\u0131nda uzun boylu bir \u00e7e\u015fittir.<\/li>\n<li>Yu\u0308ksek dane ve yaprak oran\u0131na sahiptir.<\/li>\n<li>Ni\u015fasta oran\u0131n\u0131n yu\u0308ksek olmas\u0131 nedeniyle su\u0308t ve et verimini art\u0131r\u0131r.<\/li>\n<li>Yu\u0308ksek kuru madde i\u00e7eri\u011fi zengin besin de\u011feri sa\u011flar.<\/li>\n<li>S\u00f6mek rengi k\u0131rm\u0131z\u0131 ve daneleri portakal k\u0131rm\u0131z\u0131 renktedir.<\/li>\n<li>Ye\u015fil kalma \u00f6zelli\u011fi sayesinde silaj hasad\u0131 su\u0308resini uzat\u0131r.<\/li>\n<li>Enerji ve protein de\u011feri yu\u0308ksektir.<\/li>\n<li>Silajda dane oran\u0131 \u00e7ok yu\u0308ksektir.<\/li>\n<\/ul>\n","protected":false},"featured_media":2081,"template":"","meta":[],"product_brand":[],"product_cat":[141],"product_tag":[158,173,161],"class_list":{"0":"post-554","1":"product","2":"type-product","3":"status-publish","4":"has-post-thumbnail","6":"product_cat-misir","7":"product_tag-dane","8":"product_tag-duo","9":"product_tag-silaj","11":"first","12":"instock","13":"shipping-taxable","14":"product-type-simple"},"_links":{"self":[{"href":"https:\/\/biotektohum.com.tr\/en\/wp-json\/wp\/v2\/product\/554","targetHints":{"allow":["GET"]}}],"collection":[{"href":"https:\/\/biotektohum.com.tr\/en\/wp-json\/wp\/v2\/product"}],"about":[{"href":"https:\/\/biotektohum.com.tr\/en\/wp-json\/wp\/v2\/types\/product"}],"version-history":[{"count":2,"href":"https:\/\/biotektohum.com.tr\/en\/wp-json\/wp\/v2\/product\/554\/revisions"}],"predecessor-version":[{"id":2083,"href":"https:\/\/biotektohum.com.tr\/en\/wp-json\/wp\/v2\/product\/554\/revisions\/2083"}],"wp:featuredmedia":[{"embeddable":true,"href":"https:\/\/biotektohum.com.tr\/en\/wp-json\/wp\/v2\/media\/2081"}],"wp:attachment":[{"href":"https:\/\/biotektohum.com.tr\/en\/wp-json\/wp\/v2\/media?parent=554"}],"wp:term":[{"taxonomy":"product_brand","embeddable":true,"href":"https:\/\/biotektohum.com.tr\/en\/wp-json\/wp\/v2\/product_brand?post=554"},{"taxonomy":"product_cat","embeddable":true,"href":"https:\/\/biotektohum.com.tr\/en\/wp-json\/wp\/v2\/product_cat?post=554"},{"taxonomy":"product_tag","embeddable":true,"href":"https:\/\/biotektohum.com.tr\/en\/wp-json\/wp\/v2\/product_tag?post=554"}],"curies":[{"name":"wp","href":"https:\/\/api.w.org\/{rel}","templated":true}]}}